{"id":13,"date":"2015-05-03T21:07:27","date_gmt":"2015-05-03T21:07:27","guid":{"rendered":"http:\/\/neu.speis.org\/?page_id=13"},"modified":"2023-05-19T18:49:02","modified_gmt":"2023-05-19T16:49:02","slug":"organisation-2","status":"publish","type":"page","link":"https:\/\/speis.org\/?page_id=13","title":{"rendered":"Organisation"},"content":{"rendered":"\n<p>Im regelm\u00e4\u00dfig stattfindenden Plenum treffen wir gemeinsam  Entscheidungen. Dazwischen sprechen wir uns auch ab, indem wir \u00fcber ein  Forum in Kontakt bleiben. Es wird vereinsinterne Aufgabenverteilung  koordiniert, Mitgliedsbeitr\u00e4ge festgesetzt, Informationen geteilt,  (neue) Produzent_innen vorgestellt, Termine angek\u00fcndigt u. \u00e4. <\/p>\n\n\n\n<p>Einmal j\u00e4hrlich wird unsere Mitgliederversammlung abgehalten, bei der  wir einen Vereinsvorstand f\u00fcr die jeweilige Funktionsperiode w\u00e4hlen,  f\u00fcr den jedes Mitglied eingesetzt werden kann.<\/p>\n\n\n\n<p>Speismitglieder \u00fcbernehmen \u00fcberdies regelm\u00e4\u00dfig Bestellungen, Vorbereitungs- und Aufr\u00e4umdienste. Hierf\u00fcr gibt es einen Online-Kalender. Die Mitarbeit jedes einzelnen Mitglieds ist gefragt!<\/p>\n","protected":false},"excerpt":{"rendered":"<p>Im regelm\u00e4\u00dfig stattfindenden Plenum treffen wir gemeinsam Entscheidungen. Dazwischen sprechen wir uns auch ab, indem wir \u00fcber ein Forum in Kontakt bleiben. Es wird vereinsinterne Aufgabenverteilung koordiniert, Mitgliedsbeitr\u00e4ge festgesetzt, Informationen geteilt, (neue) Produzent_innen vorgestellt, Termine angek\u00fcndigt u. \u00e4. Einmal j\u00e4hrlich wird unsere Mitgliederversammlung abgehalten, bei der wir einen Vereinsvorstand f\u00fcr die jeweilige Funktionsperiode w\u00e4hlen, f\u00fcr <a href=\"https:\/\/speis.org\/?page_id=13\" class=\"more-link\">...weiterlesen<span class=\"screen-reader-text\"> \"Organisation\"<\/span><\/a><\/p>\n","protected":false},"author":8,"featured_media":0,"parent":6,"menu_order":0,"comment_status":"open","ping_status":"open","template":"","meta":{"publish_to_discourse":"","publish_post_category":"","wpdc_auto_publish_overridden":"","wpdc_topic_tags":"","wpdc_pin_topic":"","wpdc_pin_until":"","discourse_post_id":"","discourse_permalink":"","wpdc_publishing_response":"","wpdc_publishing_error":"","footnotes":""},"class_list":["post-13","page","type-page","status-publish","h-entry","hentry","h-as-page"],"_links":{"self":[{"href":"https:\/\/speis.org\/index.php?rest_route=\/wp\/v2\/pages\/13","targetHints":{"allow":["GET"]}}],"collection":[{"href":"https:\/\/speis.org\/index.php?rest_route=\/wp\/v2\/pages"}],"about":[{"href":"https:\/\/speis.org\/index.php?rest_route=\/wp\/v2\/types\/page"}],"author":[{"embeddable":true,"href":"https:\/\/speis.org\/index.php?rest_route=\/wp\/v2\/users\/8"}],"replies":[{"embeddable":true,"href":"https:\/\/speis.org\/index.php?rest_route=%2Fwp%2Fv2%2Fcomments&post=13"}],"version-history":[{"count":4,"href":"https:\/\/speis.org\/index.php?rest_route=\/wp\/v2\/pages\/13\/revisions"}],"predecessor-version":[{"id":163,"href":"https:\/\/speis.org\/index.php?rest_route=\/wp\/v2\/pages\/13\/revisions\/163"}],"up":[{"embeddable":true,"href":"https:\/\/speis.org\/index.php?rest_route=\/wp\/v2\/pages\/6"}],"wp:attachment":[{"href":"https:\/\/speis.org\/index.php?rest_route=%2Fwp%2Fv2%2Fmedia&parent=13"}],"curies":[{"name":"wp","href":"https:\/\/api.w.org\/{rel}","templated":true}]}}