{"id":20,"date":"2015-05-03T21:10:00","date_gmt":"2015-05-03T21:10:00","guid":{"rendered":"http:\/\/neu.speis.org\/?page_id=20"},"modified":"2023-05-19T18:51:39","modified_gmt":"2023-05-19T16:51:39","slug":"produkte-2","status":"publish","type":"page","link":"https:\/\/speis.org\/?page_id=20","title":{"rendered":"Produkte"},"content":{"rendered":"\n<p>Die Speis bezieht Produkte aus biologischer Landwirtschaft (mit und ohne Zertifikat) und manchmal auch unbehandeltes Obst aus privaten G\u00e4rten. \u00d6kologische und sozial gerechte Herstellungsweise, Tierwohl, faire Preise, Regionalit\u00e4t, m\u00f6glichst kurze Transportwege, Saisonalit\u00e4t \u2013 all das sind Aspekte, auf die wir beim Bezug von Lebensmitteln achten.<\/p>\n\n\n\n<p>Mit Hilfe eines Interviews\/Fragebogens bem\u00fchen wir uns, neue Produzent_innen kennenzulernen und diese Themen anzusprechen.<\/p>\n\n\n\n<p>Wir pflegen den Kontakt mit Produzent_innen aus kleinstrukturierter Landwirtschaft, die uns beliefern. Beispielsweise unternehmen wir Ausfl\u00fcge zu ihnen, lernen einander pers\u00f6nlich kennen, verkosten oder helfen auch bei der Produktion, um Entstehungsweg eines Lebensmittels mit dem Wert, den es f\u00fcr uns hat, zu verbinden.<\/p>\n\n\n\n<p>Durch die mittlerweile sehr breite Produktpalette ist es m\u00f6glich, all jene unterschiedlichen Nahrungsmittel zu beziehen, die f\u00fcr eine ausgewogene Ern\u00e4hrung, sei sie vegan, vegetarisch oder omnivor, geeignet sind.<\/p>\n\n\n\n<p>F\u00fcr neue Produkte in unserem Sortiment sind wir offen, haben allerdings auch schon sehr gute und langj\u00e4hrige Kooperationen durch bew\u00e4hrte Partner_innenschaften.<\/p>\n","protected":false},"excerpt":{"rendered":"<p>Die Speis bezieht Produkte aus biologischer Landwirtschaft (mit und ohne Zertifikat) und manchmal auch unbehandeltes Obst aus privaten G\u00e4rten. \u00d6kologische und sozial gerechte Herstellungsweise, Tierwohl, faire Preise, Regionalit\u00e4t, m\u00f6glichst kurze Transportwege, Saisonalit\u00e4t \u2013 all das sind Aspekte, auf die wir beim Bezug von Lebensmitteln achten. Mit Hilfe eines Interviews\/Fragebogens bem\u00fchen wir uns, neue Produzent_innen kennenzulernen <a href=\"https:\/\/speis.org\/?page_id=20\" class=\"more-link\">...weiterlesen<span class=\"screen-reader-text\"> \"Produkte\"<\/span><\/a><\/p>\n","protected":false},"author":8,"featured_media":0,"parent":6,"menu_order":0,"comment_status":"open","ping_status":"open","template":"","meta":{"publish_to_discourse":"","publish_post_category":"","wpdc_auto_publish_overridden":"","wpdc_topic_tags":"","wpdc_pin_topic":"","wpdc_pin_until":"","discourse_post_id":"","discourse_permalink":"","wpdc_publishing_response":"","wpdc_publishing_error":"","footnotes":""},"class_list":["post-20","page","type-page","status-publish","h-entry","hentry","h-as-page"],"_links":{"self":[{"href":"https:\/\/speis.org\/index.php?rest_route=\/wp\/v2\/pages\/20","targetHints":{"allow":["GET"]}}],"collection":[{"href":"https:\/\/speis.org\/index.php?rest_route=\/wp\/v2\/pages"}],"about":[{"href":"https:\/\/speis.org\/index.php?rest_route=\/wp\/v2\/types\/page"}],"author":[{"embeddable":true,"href":"https:\/\/speis.org\/index.php?rest_route=\/wp\/v2\/users\/8"}],"replies":[{"embeddable":true,"href":"https:\/\/speis.org\/index.php?rest_route=%2Fwp%2Fv2%2Fcomments&post=20"}],"version-history":[{"count":4,"href":"https:\/\/speis.org\/index.php?rest_route=\/wp\/v2\/pages\/20\/revisions"}],"predecessor-version":[{"id":165,"href":"https:\/\/speis.org\/index.php?rest_route=\/wp\/v2\/pages\/20\/revisions\/165"}],"up":[{"embeddable":true,"href":"https:\/\/speis.org\/index.php?rest_route=\/wp\/v2\/pages\/6"}],"wp:attachment":[{"href":"https:\/\/speis.org\/index.php?rest_route=%2Fwp%2Fv2%2Fmedia&parent=20"}],"curies":[{"name":"wp","href":"https:\/\/api.w.org\/{rel}","templated":true}]}}