{"id":22,"date":"2015-05-03T21:08:55","date_gmt":"2015-05-03T21:08:55","guid":{"rendered":"http:\/\/neu.speis.org\/?page_id=22"},"modified":"2025-06-04T12:55:05","modified_gmt":"2025-06-04T10:55:05","slug":"mitgliedschaft","status":"publish","type":"page","link":"https:\/\/speis.org\/?page_id=22","title":{"rendered":"Mitgliedschaft"},"content":{"rendered":"\n<p>Durch monatliche Mitgliedsbeitr\u00e4ge finanzieren wir die laufenden Kosten f\u00fcr Miete, Energie etc.<\/p>\n\n\n\n<p>Hast du Interesse an der Mitgliedschaft? Durch die Anmeldung via E-Mail erf\u00e4hrst du als Interessent_in alles Wissenswerte \u00fcber eine erste Einf\u00fchrung. In unserem Buddy-System wird f\u00fcr dich nach einer Person gesucht, die dir mit Rat und Tat in der ersten Zeit zur Seite steht. So kannst du unsere Foodcoop mit Unterst\u00fctzung in Ruhe kennenlernen, bis du dich entscheidest, ob du mitmachen m\u00f6chtest.<\/p>\n\n\n\n<p>Bitte bedenke, dass der Verein nur durch seine Mitglieder und die Arbeit, die sie leisten, existiert. Es gibt immer etwas zu tun und vielf\u00e4ltige Arbeitsbereiche, in die du dich einbringen kannst.<\/p>\n\n\n\n<p>Bei Interesse an der Mitarbeit in der Fc d'Speis einfach bei buddy.d.speis[at]gmx.at melden!<\/p>\n","protected":false},"excerpt":{"rendered":"<p>Durch monatliche Mitgliedsbeitr\u00e4ge finanzieren wir die laufenden Kosten f\u00fcr Miete, Energie etc. Hast du Interesse an der Mitgliedschaft? Durch die Anmeldung via E-Mail erf\u00e4hrst du als Interessent_in alles Wissenswerte \u00fcber eine erste Einf\u00fchrung. In unserem Buddy-System wird f\u00fcr dich nach einer Person gesucht, die dir mit Rat und Tat in der ersten Zeit zur Seite <a href=\"https:\/\/speis.org\/?page_id=22\" class=\"more-link\">...weiterlesen<span class=\"screen-reader-text\"> \"Mitgliedschaft\"<\/span><\/a><\/p>\n","protected":false},"author":8,"featured_media":0,"parent":0,"menu_order":0,"comment_status":"open","ping_status":"open","template":"","meta":{"publish_to_discourse":"","publish_post_category":"","wpdc_auto_publish_overridden":"","wpdc_topic_tags":"","wpdc_pin_topic":"","wpdc_pin_until":"","discourse_post_id":"","discourse_permalink":"","wpdc_publishing_response":"","wpdc_publishing_error":"","footnotes":""},"class_list":["post-22","page","type-page","status-publish","h-entry","hentry","h-as-page"],"_links":{"self":[{"href":"https:\/\/speis.org\/index.php?rest_route=\/wp\/v2\/pages\/22","targetHints":{"allow":["GET"]}}],"collection":[{"href":"https:\/\/speis.org\/index.php?rest_route=\/wp\/v2\/pages"}],"about":[{"href":"https:\/\/speis.org\/index.php?rest_route=\/wp\/v2\/types\/page"}],"author":[{"embeddable":true,"href":"https:\/\/speis.org\/index.php?rest_route=\/wp\/v2\/users\/8"}],"replies":[{"embeddable":true,"href":"https:\/\/speis.org\/index.php?rest_route=%2Fwp%2Fv2%2Fcomments&post=22"}],"version-history":[{"count":5,"href":"https:\/\/speis.org\/index.php?rest_route=\/wp\/v2\/pages\/22\/revisions"}],"predecessor-version":[{"id":199,"href":"https:\/\/speis.org\/index.php?rest_route=\/wp\/v2\/pages\/22\/revisions\/199"}],"wp:attachment":[{"href":"https:\/\/speis.org\/index.php?rest_route=%2Fwp%2Fv2%2Fmedia&parent=22"}],"curies":[{"name":"wp","href":"https:\/\/api.w.org\/{rel}","templated":true}]}}